{"id":3472,"date":"2025-02-07T19:47:00","date_gmt":"2025-02-07T23:47:00","guid":{"rendered":"https:\/\/www.solarxpr.com\/?page_id=3472"},"modified":"2025-08-25T00:00:17","modified_gmt":"2025-08-25T04:00:17","slug":"almacenamiento-de-baterias-2","status":"publish","type":"page","link":"https:\/\/www.sunxpr.com\/index.php\/almacenamiento-de-baterias-2\/","title":{"rendered":"Almacenamiento de Bater\u00edas"},"content":{"rendered":"\t\t<div data-elementor-type=\"wp-page\" data-elementor-id=\"3472\" class=\"elementor elementor-3472\" data-elementor-post-type=\"page\">\n\t\t\t\t\t\t<section class=\"elementor-section elementor-top-section elementor-element elementor-element-fa98515 elementor-section-boxed elementor-section-height-default elementor-section-height-default\" data-id=\"fa98515\" data-element_type=\"section\">\n\t\t\t\t\t\t<div class=\"elementor-container elementor-column-gap-wider\">\n\t\t\t\t\t<div class=\"elementor-column elementor-col-50 elementor-top-column elementor-element elementor-element-25bdc1c\" data-id=\"25bdc1c\" data-element_type=\"column\">\n\t\t\t<div class=\"elementor-widget-wrap elementor-element-populated\">\n\t\t\t\t\t\t<div class=\"elementor-element elementor-element-540135e elementor-widget__width-initial elementor-invisible elementor-widget elementor-widget-image\" data-id=\"540135e\" data-element_type=\"widget\" data-settings=\"{&quot;_animation&quot;:&quot;fadeInLeft&quot;}\" data-widget_type=\"image.default\">\n\t\t\t\t<div class=\"elementor-widget-container\">\n\t\t\t\t\t\t\t\t\t\t\t\t\t\t\t<img fetchpriority=\"high\" decoding=\"async\" width=\"640\" height=\"480\" src=\"https:\/\/www.sunxpr.com\/wp-content\/uploads\/2025\/02\/Imagen-de-WhatsApp-2025-02-02-a-las-12.32.12_2627b8b3-1024x768.jpg\" class=\"attachment-large size-large wp-image-3313\" alt=\"\" srcset=\"https:\/\/www.sunxpr.com\/wp-content\/uploads\/2025\/02\/Imagen-de-WhatsApp-2025-02-02-a-las-12.32.12_2627b8b3-1024x768.jpg 1024w, https:\/\/www.sunxpr.com\/wp-content\/uploads\/2025\/02\/Imagen-de-WhatsApp-2025-02-02-a-las-12.32.12_2627b8b3-300x225.jpg 300w, https:\/\/www.sunxpr.com\/wp-content\/uploads\/2025\/02\/Imagen-de-WhatsApp-2025-02-02-a-las-12.32.12_2627b8b3-768x576.jpg 768w, https:\/\/www.sunxpr.com\/wp-content\/uploads\/2025\/02\/Imagen-de-WhatsApp-2025-02-02-a-las-12.32.12_2627b8b3-1536x1152.jpg 1536w, https:\/\/www.sunxpr.com\/wp-content\/uploads\/2025\/02\/Imagen-de-WhatsApp-2025-02-02-a-las-12.32.12_2627b8b3-2048x1536.jpg 2048w, https:\/\/www.sunxpr.com\/wp-content\/uploads\/2025\/02\/Imagen-de-WhatsApp-2025-02-02-a-las-12.32.12_2627b8b3-600x450.jpg 600w\" sizes=\"(max-width: 640px) 100vw, 640px\" \/>\t\t\t\t\t\t\t\t\t\t\t\t\t\t\t<\/div>\n\t\t\t\t<\/div>\n\t\t\t\t\t<\/div>\n\t\t<\/div>\n\t\t\t\t<div class=\"elementor-column elementor-col-50 elementor-top-column elementor-element elementor-element-51798a2\" data-id=\"51798a2\" data-element_type=\"column\">\n\t\t\t<div class=\"elementor-widget-wrap elementor-element-populated\">\n\t\t\t\t\t\t<div class=\"elementor-element elementor-element-b99d1a3 elementor-widget elementor-widget-go-s-heading\" data-id=\"b99d1a3\" data-element_type=\"widget\" data-widget_type=\"go-s-heading.default\">\n\t\t\t\t<div class=\"elementor-widget-container\">\n\t\t\t\t\t<div class=\"prthalign\">\n            <h5 class=\"egx-subtitle-1\">\n                        <span class=\"gradient\">Beneficios de nuestras bater\u00edas<\/span>\n        <\/h5>\n        <h1 class=\"elementor-gt-heading egx-section-title-1 egx-split-text split-in-right\">ECS Energ\u00eda que se adapta a ti<\/h1>    <\/div>\n\t\t\t\t<\/div>\n\t\t\t\t<\/div>\n\t\t\t\t<div class=\"elementor-element elementor-element-d7d2ba2 elementor-widget__width-initial elementor-widget elementor-widget-heading\" data-id=\"d7d2ba2\" data-element_type=\"widget\" data-widget_type=\"heading.default\">\n\t\t\t\t<div class=\"elementor-widget-container\">\n\t\t\t\t\t<h2 class=\"elementor-heading-title elementor-size-default\">El sistema de bater\u00edas ECS de SUN X est\u00e1 dise\u00f1ado para ofrecer alto rendimiento,\nflexibilidad y expansi\u00f3n a tu medida. Su dise\u00f1o modular permite crecer junto a tus\nnecesidades, con una capacidad escalable de hasta 27.8 kWh, ideal para hogares o\nnegocios que quieren energ\u00eda sin interrupciones y ahorro a largo plazo.<br>Con instalaci\u00f3n f\u00e1cil y r\u00e1pida, tipo plug &amp; play, el ECS es perfecto para quienes buscan eficiencia sin complicaciones.<\/h2>\t\t\t\t<\/div>\n\t\t\t\t<\/div>\n\t\t\t\t<div class=\"elementor-element elementor-element-0f82de7 elementor-widget__width-initial elementor-widget elementor-widget-go-s-list\" data-id=\"0f82de7\" data-element_type=\"widget\" data-widget_type=\"go-s-list.default\">\n\t\t\t\t<div class=\"elementor-widget-container\">\n\t\t\t\t\t<div class=\"list-mainarea\">\n            <div class=\"item\">\n            <span class=\"icon\"><i aria-hidden=\"true\" class=\"fas fa-check\"><\/i><\/span>\n            <span class=\"item-text\">Capacidad inicial de 3.97 kWh, escalable hasta 27.8 kWh<\/span>\n        <\/div>\n            <div class=\"item\">\n            <span class=\"icon\"><i aria-hidden=\"true\" class=\"fas fa-check\"><\/i><\/span>\n            <span class=\"item-text\">90% de profundidad de descarga (DoD) para aprovechar al m\u00e1ximo cada carga<\/span>\n        <\/div>\n            <div class=\"item\">\n            <span class=\"icon\"><i aria-hidden=\"true\" class=\"fas fa-check\"><\/i><\/span>\n            <span class=\"item-text\">Rendimiento estable en climas extremos<\/span>\n        <\/div>\n            <div class=\"item\">\n            <span class=\"icon\"><i aria-hidden=\"true\" class=\"fas fa-check\"><\/i><\/span>\n            <span class=\"item-text\">Compatibilidad con inversores SUN X<\/span>\n        <\/div>\n            <div class=\"item\">\n            <span class=\"icon\"><i aria-hidden=\"true\" class=\"fas fa-check\"><\/i><\/span>\n            <span class=\"item-text\">Comunicaci\u00f3n inteligente CAN<\/span>\n        <\/div>\n            <div class=\"item\">\n            <span class=\"icon\"><i aria-hidden=\"true\" class=\"fas fa-check\"><\/i><\/span>\n            <span class=\"item-text\">Rango de voltaje de hasta 459.9 V<\/span>\n        <\/div>\n            <div class=\"item\">\n            <span class=\"icon\"><i aria-hidden=\"true\" class=\"fas fa-check\"><\/i><\/span>\n            <span class=\"item-text\">Sistema expandible y eficiente<\/span>\n        <\/div>\n    <\/div>\t\t\t\t<\/div>\n\t\t\t\t<\/div>\n\t\t\t\t\t<\/div>\n\t\t<\/div>\n\t\t\t\t\t<\/div>\n\t\t<\/section>\n\t\t\t\t<section class=\"elementor-section elementor-top-section elementor-element elementor-element-a44885a egx-cta-2-area bg-default parallax-img elementor-section-boxed elementor-section-height-default elementor-section-height-default\" data-id=\"a44885a\" data-element_type=\"section\" data-settings=\"{&quot;background_background&quot;:&quot;classic&quot;}\">\n\t\t\t\t\t\t<div class=\"elementor-container elementor-column-gap-default\">\n\t\t\t\t\t<div class=\"elementor-column elementor-col-100 elementor-top-column elementor-element elementor-element-68ee816\" data-id=\"68ee816\" data-element_type=\"column\">\n\t\t\t<div class=\"elementor-widget-wrap elementor-element-populated\">\n\t\t\t\t\t\t<div class=\"elementor-element elementor-element-6d86af4 elementor-widget elementor-widget-eergx-info-box-4\" data-id=\"6d86af4\" data-element_type=\"widget\" data-widget_type=\"eergx-info-box-4.default\">\n\t\t\t\t<div class=\"elementor-widget-container\">\n\t\t\t\t\t<div class=\"egx-cta-2-wrap\">\n        <h1 class=\"elementor-gt-heading egx-section-title-1 has-color-white egx-split-text-2 egx-split-text-2-ani\">\u00a1No esperes m\u00e1s!<\/h1>            <div class=\"egx-para-1 disc elementor-gt-desc\"><p>Cont\u00e1ctanos hoy mismo para una consulta gratuita y descubre c\u00f3mo podemos iluminar tu futuro.<\/p><\/div>\n        <div class=\"btn-wrap\">\n        <a href=\"https:\/\/www.sunxpr.com\/index.php\/cotiza-ahora\/\" target=\"_blank\" rel=\"nofollow\" class=\"egx-btn-2 btn-black\">\n            <span class=\"btn-text\">\u00a1Cotiza Con Nosotros!<\/span>\n            <span class=\"btn-icon\">\n                <i class=\"fa-solid fa-arrow-right\"><\/i>\n            <\/span>\n        <\/a>\n    <\/div>\n<\/div>\t\t\t\t<\/div>\n\t\t\t\t<\/div>\n\t\t\t\t\t<\/div>\n\t\t<\/div>\n\t\t\t\t\t<\/div>\n\t\t<\/section>\n\t\t\t\t<\/div>\n\t\t","protected":false},"excerpt":{"rendered":"<p>Beneficios de nuestras bater\u00edas ECS Energ\u00eda que se adapta a ti El sistema de bater\u00edas ECS de SUN X est\u00e1 dise\u00f1ado para ofrecer alto rendimiento, flexibilidad y expansi\u00f3n a tu medida. Su dise\u00f1o modular permite crecer junto a tus necesidades, con una capacidad escalable de hasta 27.8 kWh, ideal para hogares o negocios que quieren [&hellip;]<\/p>\n","protected":false},"author":2,"featured_media":0,"parent":0,"menu_order":0,"comment_status":"closed","ping_status":"closed","template":"elementor_header_footer","meta":{"om_disable_all_campaigns":false,"_monsterinsights_skip_tracking":false,"_monsterinsights_sitenote_active":false,"_monsterinsights_sitenote_note":"","_monsterinsights_sitenote_category":0,"footnotes":""},"class_list":["post-3472","page","type-page","status-publish","hentry"],"aioseo_notices":[],"_links":{"self":[{"href":"https:\/\/www.sunxpr.com\/index.php\/wp-json\/wp\/v2\/pages\/3472","targetHints":{"allow":["GET"]}}],"collection":[{"href":"https:\/\/www.sunxpr.com\/index.php\/wp-json\/wp\/v2\/pages"}],"about":[{"href":"https:\/\/www.sunxpr.com\/index.php\/wp-json\/wp\/v2\/types\/page"}],"author":[{"embeddable":true,"href":"https:\/\/www.sunxpr.com\/index.php\/wp-json\/wp\/v2\/users\/2"}],"replies":[{"embeddable":true,"href":"https:\/\/www.sunxpr.com\/index.php\/wp-json\/wp\/v2\/comments?post=3472"}],"version-history":[{"count":52,"href":"https:\/\/www.sunxpr.com\/index.php\/wp-json\/wp\/v2\/pages\/3472\/revisions"}],"predecessor-version":[{"id":4011,"href":"https:\/\/www.sunxpr.com\/index.php\/wp-json\/wp\/v2\/pages\/3472\/revisions\/4011"}],"wp:attachment":[{"href":"https:\/\/www.sunxpr.com\/index.php\/wp-json\/wp\/v2\/media?parent=3472"}],"curies":[{"name":"wp","href":"https:\/\/api.w.org\/{rel}","templated":true}]}}